{"id":7395,"date":"2022-03-22T12:07:48","date_gmt":"2022-03-22T16:07:48","guid":{"rendered":"https:\/\/palettedebine.com\/?post_type=product&#038;p=7395"},"modified":"2026-02-28T13:26:52","modified_gmt":"2026-02-28T18:26:52","slug":"la-totale-box-24-palettes","status":"publish","type":"product","link":"https:\/\/palettedebine.com\/en\/produit\/la-totale-box-24-palettes\/","title":{"rendered":"&#8216;La Totale&#8217; Box (24 palettes)"},"content":{"rendered":"<p>A 450$ value.<\/p>\n<p>Set of 24 chocolate bars<\/p>\n<p>1. Ha\u00efti PISA 70%<br \/>\n2. Tanzania Kokoa Kamili 72%<br \/>\n3. Peru Mara\u00f1\u00f3n 70%<br \/>\n4. Madagascar 70%<br \/>\n5. Bines \u00e0 l\u2019\u00e9rable wild harvest 70%<br \/>\n6. Bines \u00e0 l\u2019\u00e9rable Ecuador Esmeraldas 85%<br \/>\n7. Vanuatu 85%<br \/>\n8. Belize Maya Mountain 72%<br \/>\n9. Venezuela Chuao 70%<br \/>\n10. Hawaii Kahulu\u2019u 70%<br \/>\n11. Hawaii North Shore 70%<br \/>\n12. Tanzania 75% On the spices road<br \/>\n13. Fidji 70% Ginger<br \/>\n14. Peru Mara\u00f1\u00f3n + coffee 70%<br \/>\n15. St-Laurent Sea Salt 70%<br \/>\n16. Fir tree + Bolivia wild harvest 70%<br \/>\n17. Tha\u00efland + white tea 70%<br \/>\n18. Colombia Huila 50% brown butter<br \/>\n19. Bines \u00e0 l\u2019\u00e9rable wild harvest + milk 60%<br \/>\n20. 50% Milk chocolate + wild mint<br \/>\n21. Raspberry milk Peru Mara\u00f1\u00f3n 60%<br \/>\n22. Pair of skis milk chocolate 50%<br \/>\n23. Pair of skis milk chocolate 50%<br \/>\n24. Chocolate Bicycle<\/p>\n","protected":false},"excerpt":{"rendered":"<p>A 450$ value. Set of 24 chocolate bars 1. Ha\u00efti PISA 70% 2. Tanzania Kokoa Kamili 72% 3. Peru Mara\u00f1\u00f3n 70% 4. Madagascar 70% 5. Bines \u00e0 l\u2019\u00e9rable wild harvest 70% 6. Bines \u00e0 l\u2019\u00e9rable Ecuador Esmeraldas 85% 7. Vanuatu 85% 8. Belize Maya Mountain 72% 9. Venezuela Chuao 70% 10. Hawaii Kahulu\u2019u 70% 11. [&hellip;]<\/p>\n","protected":false},"featured_media":8963,"template":"","meta":{"_acf_changed":false},"product_brand":[],"product_cat":[48],"product_tag":[57],"class_list":{"0":"post-7395","1":"product","2":"type-product","3":"status-publish","4":"has-post-thumbnail","6":"product_cat-treats","7":"product_tag-treats","9":"first","10":"instock","11":"taxable","12":"shipping-taxable","13":"purchasable","14":"product-type-simple"},"acf":[],"yoast_head":"<!-- This site is optimized with the Yoast SEO plugin v26.7 - https:\/\/yoast.com\/wordpress\/plugins\/seo\/ -->\n<title>&#039;La Totale&#039; Box (24 palettes) - Palette de bine<\/title>\n<meta name=\"robots\" content=\"index, follow, max-snippet:-1, max-image-preview:large, max-video-preview:-1\" \/>\n<link rel=\"canonical\" href=\"https:\/\/palettedebine.com\/en\/produit\/la-totale-box-24-palettes\/\" \/>\n<meta property=\"og:locale\" content=\"en_US\" \/>\n<meta property=\"og:type\" content=\"article\" \/>\n<meta property=\"og:title\" content=\"&#039;La Totale&#039; Box (24 palettes) - Palette de bine\" \/>\n<meta property=\"og:description\" content=\"A 450$ value. Set of 24 chocolate bars 1. Ha\u00efti PISA 70% 2. Tanzania Kokoa Kamili 72% 3. Peru Mara\u00f1\u00f3n 70% 4. Madagascar 70% 5. Bines \u00e0 l\u2019\u00e9rable wild harvest 70% 6. Bines \u00e0 l\u2019\u00e9rable Ecuador Esmeraldas 85% 7. Vanuatu 85% 8. Belize Maya Mountain 72% 9. Venezuela Chuao 70% 10. Hawaii Kahulu\u2019u 70% 11. [&hellip;]\" \/>\n<meta property=\"og:url\" content=\"https:\/\/palettedebine.com\/en\/produit\/la-totale-box-24-palettes\/\" \/>\n<meta property=\"og:site_name\" content=\"Palette de bine\" \/>\n<meta property=\"article:modified_time\" content=\"2026-02-28T18:26:52+00:00\" \/>\n<meta property=\"og:image\" content=\"https:\/\/palettedebine.com\/wp-content\/uploads\/2022\/03\/Boite-La-totale.jpg\" \/>\n\t<meta property=\"og:image:width\" content=\"820\" \/>\n\t<meta property=\"og:image:height\" content=\"1066\" \/>\n\t<meta property=\"og:image:type\" content=\"image\/jpeg\" \/>\n<meta name=\"twitter:card\" content=\"summary_large_image\" \/>\n<meta name=\"twitter:label1\" content=\"Est. reading time\" \/>\n\t<meta name=\"twitter:data1\" content=\"1 minute\" \/>\n<script type=\"application\/ld+json\" class=\"yoast-schema-graph\">{\"@context\":\"https:\/\/schema.org\",\"@graph\":[{\"@type\":\"WebPage\",\"@id\":\"https:\/\/palettedebine.com\/en\/produit\/la-totale-box-24-palettes\/\",\"url\":\"https:\/\/palettedebine.com\/en\/produit\/la-totale-box-24-palettes\/\",\"name\":\"'La Totale' Box (24 palettes) - Palette de bine\",\"isPartOf\":{\"@id\":\"https:\/\/palettedebine.com\/#website\"},\"primaryImageOfPage\":{\"@id\":\"https:\/\/palettedebine.com\/en\/produit\/la-totale-box-24-palettes\/#primaryimage\"},\"image\":{\"@id\":\"https:\/\/palettedebine.com\/en\/produit\/la-totale-box-24-palettes\/#primaryimage\"},\"thumbnailUrl\":\"https:\/\/palettedebine.com\/wp-content\/uploads\/2022\/03\/Boite-La-totale.jpg\",\"datePublished\":\"2022-03-22T16:07:48+00:00\",\"dateModified\":\"2026-02-28T18:26:52+00:00\",\"breadcrumb\":{\"@id\":\"https:\/\/palettedebine.com\/en\/produit\/la-totale-box-24-palettes\/#breadcrumb\"},\"inLanguage\":\"en-US\",\"potentialAction\":[{\"@type\":\"ReadAction\",\"target\":[\"https:\/\/palettedebine.com\/en\/produit\/la-totale-box-24-palettes\/\"]}]},{\"@type\":\"ImageObject\",\"inLanguage\":\"en-US\",\"@id\":\"https:\/\/palettedebine.com\/en\/produit\/la-totale-box-24-palettes\/#primaryimage\",\"url\":\"https:\/\/palettedebine.com\/wp-content\/uploads\/2022\/03\/Boite-La-totale.jpg\",\"contentUrl\":\"https:\/\/palettedebine.com\/wp-content\/uploads\/2022\/03\/Boite-La-totale.jpg\",\"width\":820,\"height\":1066,\"caption\":\"Caisse La Totale - 25 palettes\"},{\"@type\":\"BreadcrumbList\",\"@id\":\"https:\/\/palettedebine.com\/en\/produit\/la-totale-box-24-palettes\/#breadcrumb\",\"itemListElement\":[{\"@type\":\"ListItem\",\"position\":1,\"name\":\"Accueil\",\"item\":\"https:\/\/palettedebine.com\/en\/\"},{\"@type\":\"ListItem\",\"position\":2,\"name\":\"Shop\",\"item\":\"https:\/\/palettedebine.com\/en\/shop\/\"},{\"@type\":\"ListItem\",\"position\":3,\"name\":\"&lsquo;La Totale&rsquo; Box (24 palettes)\"}]},{\"@type\":\"WebSite\",\"@id\":\"https:\/\/palettedebine.com\/#website\",\"url\":\"https:\/\/palettedebine.com\/\",\"name\":\"Palette de bine\",\"description\":\"Chocolat bean to bar d&#039;exception\",\"potentialAction\":[{\"@type\":\"SearchAction\",\"target\":{\"@type\":\"EntryPoint\",\"urlTemplate\":\"https:\/\/palettedebine.com\/?s={search_term_string}\"},\"query-input\":{\"@type\":\"PropertyValueSpecification\",\"valueRequired\":true,\"valueName\":\"search_term_string\"}}],\"inLanguage\":\"en-US\"}]}<\/script>\n<!-- \/ Yoast SEO plugin. -->","yoast_head_json":{"title":"'La Totale' Box (24 palettes) - Palette de bine","robots":{"index":"index","follow":"follow","max-snippet":"max-snippet:-1","max-image-preview":"max-image-preview:large","max-video-preview":"max-video-preview:-1"},"canonical":"https:\/\/palettedebine.com\/en\/produit\/la-totale-box-24-palettes\/","og_locale":"en_US","og_type":"article","og_title":"'La Totale' Box (24 palettes) - Palette de bine","og_description":"A 450$ value. Set of 24 chocolate bars 1. Ha\u00efti PISA 70% 2. Tanzania Kokoa Kamili 72% 3. Peru Mara\u00f1\u00f3n 70% 4. Madagascar 70% 5. Bines \u00e0 l\u2019\u00e9rable wild harvest 70% 6. Bines \u00e0 l\u2019\u00e9rable Ecuador Esmeraldas 85% 7. Vanuatu 85% 8. Belize Maya Mountain 72% 9. Venezuela Chuao 70% 10. Hawaii Kahulu\u2019u 70% 11. [&hellip;]","og_url":"https:\/\/palettedebine.com\/en\/produit\/la-totale-box-24-palettes\/","og_site_name":"Palette de bine","article_modified_time":"2026-02-28T18:26:52+00:00","og_image":[{"width":820,"height":1066,"url":"https:\/\/palettedebine.com\/wp-content\/uploads\/2022\/03\/Boite-La-totale.jpg","type":"image\/jpeg"}],"twitter_card":"summary_large_image","twitter_misc":{"Est. reading time":"1 minute"},"schema":{"@context":"https:\/\/schema.org","@graph":[{"@type":"WebPage","@id":"https:\/\/palettedebine.com\/en\/produit\/la-totale-box-24-palettes\/","url":"https:\/\/palettedebine.com\/en\/produit\/la-totale-box-24-palettes\/","name":"'La Totale' Box (24 palettes) - Palette de bine","isPartOf":{"@id":"https:\/\/palettedebine.com\/#website"},"primaryImageOfPage":{"@id":"https:\/\/palettedebine.com\/en\/produit\/la-totale-box-24-palettes\/#primaryimage"},"image":{"@id":"https:\/\/palettedebine.com\/en\/produit\/la-totale-box-24-palettes\/#primaryimage"},"thumbnailUrl":"https:\/\/palettedebine.com\/wp-content\/uploads\/2022\/03\/Boite-La-totale.jpg","datePublished":"2022-03-22T16:07:48+00:00","dateModified":"2026-02-28T18:26:52+00:00","breadcrumb":{"@id":"https:\/\/palettedebine.com\/en\/produit\/la-totale-box-24-palettes\/#breadcrumb"},"inLanguage":"en-US","potentialAction":[{"@type":"ReadAction","target":["https:\/\/palettedebine.com\/en\/produit\/la-totale-box-24-palettes\/"]}]},{"@type":"ImageObject","inLanguage":"en-US","@id":"https:\/\/palettedebine.com\/en\/produit\/la-totale-box-24-palettes\/#primaryimage","url":"https:\/\/palettedebine.com\/wp-content\/uploads\/2022\/03\/Boite-La-totale.jpg","contentUrl":"https:\/\/palettedebine.com\/wp-content\/uploads\/2022\/03\/Boite-La-totale.jpg","width":820,"height":1066,"caption":"Caisse La Totale - 25 palettes"},{"@type":"BreadcrumbList","@id":"https:\/\/palettedebine.com\/en\/produit\/la-totale-box-24-palettes\/#breadcrumb","itemListElement":[{"@type":"ListItem","position":1,"name":"Accueil","item":"https:\/\/palettedebine.com\/en\/"},{"@type":"ListItem","position":2,"name":"Shop","item":"https:\/\/palettedebine.com\/en\/shop\/"},{"@type":"ListItem","position":3,"name":"&lsquo;La Totale&rsquo; Box (24 palettes)"}]},{"@type":"WebSite","@id":"https:\/\/palettedebine.com\/#website","url":"https:\/\/palettedebine.com\/","name":"Palette de bine","description":"Chocolat bean to bar d&#039;exception","potentialAction":[{"@type":"SearchAction","target":{"@type":"EntryPoint","urlTemplate":"https:\/\/palettedebine.com\/?s={search_term_string}"},"query-input":{"@type":"PropertyValueSpecification","valueRequired":true,"valueName":"search_term_string"}}],"inLanguage":"en-US"}]}},"_links":{"self":[{"href":"https:\/\/palettedebine.com\/en\/wp-json\/wp\/v2\/product\/7395","targetHints":{"allow":["GET"]}}],"collection":[{"href":"https:\/\/palettedebine.com\/en\/wp-json\/wp\/v2\/product"}],"about":[{"href":"https:\/\/palettedebine.com\/en\/wp-json\/wp\/v2\/types\/product"}],"wp:featuredmedia":[{"embeddable":true,"href":"https:\/\/palettedebine.com\/en\/wp-json\/wp\/v2\/media\/8963"}],"wp:attachment":[{"href":"https:\/\/palettedebine.com\/en\/wp-json\/wp\/v2\/media?parent=7395"}],"wp:term":[{"taxonomy":"product_brand","embeddable":true,"href":"https:\/\/palettedebine.com\/en\/wp-json\/wp\/v2\/product_brand?post=7395"},{"taxonomy":"product_cat","embeddable":true,"href":"https:\/\/palettedebine.com\/en\/wp-json\/wp\/v2\/product_cat?post=7395"},{"taxonomy":"product_tag","embeddable":true,"href":"https:\/\/palettedebine.com\/en\/wp-json\/wp\/v2\/product_tag?post=7395"}],"curies":[{"name":"wp","href":"https:\/\/api.w.org\/{rel}","templated":true}]}}