{"id":477,"date":"2020-11-21T16:48:53","date_gmt":"2020-11-21T21:48:53","guid":{"rendered":"https:\/\/palettedebine.com\/produit\/perou-pure-nacional-maranon-70\/"},"modified":"2026-04-20T18:10:44","modified_gmt":"2026-04-20T22:10:44","slug":"peru-pure-nacional-maranon-70","status":"publish","type":"product","link":"https:\/\/palettedebine.com\/en\/produit\/peru-pure-nacional-maranon-70\/","title":{"rendered":"Peru Pure Nacional Mara\u00f1\u00f3n 70%"},"content":{"rendered":"<p>This chocolate bar is made from unique cocoa beans. The Peruvian Pure Nacional type of cocoa, considered extinct since 1916, organically grows in the heights of the Mara\u00f1\u00f3n Valley located at the north end of the country. These hybrid beans with white and violet colors call for special attention during our gentle and slow roasting to produce a pale looking chocolate with hints of honey and blueberries.<\/p>\n<p><a href=\"https:\/\/maranonchocolate.com\" target=\"_blank\" rel=\"noopener noreferrer\">https:\/\/maranonchocolate.com<\/a><\/p>\n<p><strong>Ingredients:<\/strong> 70 % cocoa beans, 30 % organic cane sugar<\/p>\n<p>70 grams<\/p>\n","protected":false},"excerpt":{"rendered":"<p>This chocolate bar is made from unique cocoa beans. The Peruvian Pure Nacional type of cocoa, considered extinct since 1916, organically grows in the heights of the Mara\u00f1\u00f3n Valley located at the north end of the country. These hybrid beans with white and violet colors call for special attention during our gentle and slow roasting [&hellip;]<\/p>\n","protected":false},"featured_media":8925,"template":"","meta":{"_acf_changed":false},"product_brand":[],"product_cat":[42],"product_tag":[60],"class_list":{"0":"post-477","1":"product","2":"type-product","3":"status-publish","4":"has-post-thumbnail","6":"wc_square_synced-yes","7":"product_cat-single-origin","8":"product_tag-single-origin","10":"first","11":"instock","12":"taxable","13":"shipping-taxable","14":"purchasable","15":"product-type-simple"},"acf":[],"yoast_head":"<!-- This site is optimized with the Yoast SEO plugin v26.7 - https:\/\/yoast.com\/wordpress\/plugins\/seo\/ -->\n<title>Peru Pure Nacional Mara\u00f1\u00f3n 70% - Palette de bine<\/title>\n<meta name=\"robots\" content=\"index, follow, max-snippet:-1, max-image-preview:large, max-video-preview:-1\" \/>\n<link rel=\"canonical\" href=\"https:\/\/palettedebine.com\/en\/produit\/peru-pure-nacional-maranon-70\/\" \/>\n<meta property=\"og:locale\" content=\"en_US\" \/>\n<meta property=\"og:type\" content=\"article\" \/>\n<meta property=\"og:title\" content=\"Peru Pure Nacional Mara\u00f1\u00f3n 70% - Palette de bine\" \/>\n<meta property=\"og:description\" content=\"This chocolate bar is made from unique cocoa beans. The Peruvian Pure Nacional type of cocoa, considered extinct since 1916, organically grows in the heights of the Mara\u00f1\u00f3n Valley located at the north end of the country. These hybrid beans with white and violet colors call for special attention during our gentle and slow roasting [&hellip;]\" \/>\n<meta property=\"og:url\" content=\"https:\/\/palettedebine.com\/en\/produit\/peru-pure-nacional-maranon-70\/\" \/>\n<meta property=\"og:site_name\" content=\"Palette de bine\" \/>\n<meta property=\"article:modified_time\" content=\"2026-04-20T22:10:44+00:00\" \/>\n<meta property=\"og:image\" content=\"https:\/\/palettedebine.com\/wp-content\/uploads\/2020\/11\/Perou-70.jpg\" \/>\n\t<meta property=\"og:image:width\" content=\"820\" \/>\n\t<meta property=\"og:image:height\" content=\"1066\" \/>\n\t<meta property=\"og:image:type\" content=\"image\/jpeg\" \/>\n<meta name=\"twitter:card\" content=\"summary_large_image\" \/>\n<meta name=\"twitter:label1\" content=\"Est. reading time\" \/>\n\t<meta name=\"twitter:data1\" content=\"1 minute\" \/>\n<script type=\"application\/ld+json\" class=\"yoast-schema-graph\">{\"@context\":\"https:\/\/schema.org\",\"@graph\":[{\"@type\":\"WebPage\",\"@id\":\"https:\/\/palettedebine.com\/en\/produit\/peru-pure-nacional-maranon-70\/\",\"url\":\"https:\/\/palettedebine.com\/en\/produit\/peru-pure-nacional-maranon-70\/\",\"name\":\"Peru Pure Nacional Mara\u00f1\u00f3n 70% - Palette de bine\",\"isPartOf\":{\"@id\":\"https:\/\/palettedebine.com\/#website\"},\"primaryImageOfPage\":{\"@id\":\"https:\/\/palettedebine.com\/en\/produit\/peru-pure-nacional-maranon-70\/#primaryimage\"},\"image\":{\"@id\":\"https:\/\/palettedebine.com\/en\/produit\/peru-pure-nacional-maranon-70\/#primaryimage\"},\"thumbnailUrl\":\"https:\/\/palettedebine.com\/wp-content\/uploads\/2020\/11\/perou-70-1.jpg\",\"datePublished\":\"2020-11-21T21:48:53+00:00\",\"dateModified\":\"2026-04-20T22:10:44+00:00\",\"breadcrumb\":{\"@id\":\"https:\/\/palettedebine.com\/en\/produit\/peru-pure-nacional-maranon-70\/#breadcrumb\"},\"inLanguage\":\"en-US\",\"potentialAction\":[{\"@type\":\"ReadAction\",\"target\":[\"https:\/\/palettedebine.com\/en\/produit\/peru-pure-nacional-maranon-70\/\"]}]},{\"@type\":\"ImageObject\",\"inLanguage\":\"en-US\",\"@id\":\"https:\/\/palettedebine.com\/en\/produit\/peru-pure-nacional-maranon-70\/#primaryimage\",\"url\":\"https:\/\/palettedebine.com\/wp-content\/uploads\/2020\/11\/perou-70-1.jpg\",\"contentUrl\":\"https:\/\/palettedebine.com\/wp-content\/uploads\/2020\/11\/perou-70-1.jpg\",\"width\":820,\"height\":1066,\"caption\":\"Chocolat Palette de Bine, cacao P\u00e9rou Pure Nacional Mara\u00f1\u00f3n 70%\"},{\"@type\":\"BreadcrumbList\",\"@id\":\"https:\/\/palettedebine.com\/en\/produit\/peru-pure-nacional-maranon-70\/#breadcrumb\",\"itemListElement\":[{\"@type\":\"ListItem\",\"position\":1,\"name\":\"Accueil\",\"item\":\"https:\/\/palettedebine.com\/en\/\"},{\"@type\":\"ListItem\",\"position\":2,\"name\":\"Shop\",\"item\":\"https:\/\/palettedebine.com\/en\/shop\/\"},{\"@type\":\"ListItem\",\"position\":3,\"name\":\"Peru Pure Nacional Mara\u00f1\u00f3n 70%\"}]},{\"@type\":\"WebSite\",\"@id\":\"https:\/\/palettedebine.com\/#website\",\"url\":\"https:\/\/palettedebine.com\/\",\"name\":\"Palette de bine\",\"description\":\"Chocolat bean to bar d&#039;exception\",\"potentialAction\":[{\"@type\":\"SearchAction\",\"target\":{\"@type\":\"EntryPoint\",\"urlTemplate\":\"https:\/\/palettedebine.com\/?s={search_term_string}\"},\"query-input\":{\"@type\":\"PropertyValueSpecification\",\"valueRequired\":true,\"valueName\":\"search_term_string\"}}],\"inLanguage\":\"en-US\"}]}<\/script>\n<!-- \/ Yoast SEO plugin. -->","yoast_head_json":{"title":"Peru Pure Nacional Mara\u00f1\u00f3n 70% - Palette de bine","robots":{"index":"index","follow":"follow","max-snippet":"max-snippet:-1","max-image-preview":"max-image-preview:large","max-video-preview":"max-video-preview:-1"},"canonical":"https:\/\/palettedebine.com\/en\/produit\/peru-pure-nacional-maranon-70\/","og_locale":"en_US","og_type":"article","og_title":"Peru Pure Nacional Mara\u00f1\u00f3n 70% - Palette de bine","og_description":"This chocolate bar is made from unique cocoa beans. The Peruvian Pure Nacional type of cocoa, considered extinct since 1916, organically grows in the heights of the Mara\u00f1\u00f3n Valley located at the north end of the country. These hybrid beans with white and violet colors call for special attention during our gentle and slow roasting [&hellip;]","og_url":"https:\/\/palettedebine.com\/en\/produit\/peru-pure-nacional-maranon-70\/","og_site_name":"Palette de bine","article_modified_time":"2026-04-20T22:10:44+00:00","og_image":[{"width":820,"height":1066,"url":"https:\/\/palettedebine.com\/wp-content\/uploads\/2020\/11\/Perou-70.jpg","type":"image\/jpeg"}],"twitter_card":"summary_large_image","twitter_misc":{"Est. reading time":"1 minute"},"schema":{"@context":"https:\/\/schema.org","@graph":[{"@type":"WebPage","@id":"https:\/\/palettedebine.com\/en\/produit\/peru-pure-nacional-maranon-70\/","url":"https:\/\/palettedebine.com\/en\/produit\/peru-pure-nacional-maranon-70\/","name":"Peru Pure Nacional Mara\u00f1\u00f3n 70% - Palette de bine","isPartOf":{"@id":"https:\/\/palettedebine.com\/#website"},"primaryImageOfPage":{"@id":"https:\/\/palettedebine.com\/en\/produit\/peru-pure-nacional-maranon-70\/#primaryimage"},"image":{"@id":"https:\/\/palettedebine.com\/en\/produit\/peru-pure-nacional-maranon-70\/#primaryimage"},"thumbnailUrl":"https:\/\/palettedebine.com\/wp-content\/uploads\/2020\/11\/perou-70-1.jpg","datePublished":"2020-11-21T21:48:53+00:00","dateModified":"2026-04-20T22:10:44+00:00","breadcrumb":{"@id":"https:\/\/palettedebine.com\/en\/produit\/peru-pure-nacional-maranon-70\/#breadcrumb"},"inLanguage":"en-US","potentialAction":[{"@type":"ReadAction","target":["https:\/\/palettedebine.com\/en\/produit\/peru-pure-nacional-maranon-70\/"]}]},{"@type":"ImageObject","inLanguage":"en-US","@id":"https:\/\/palettedebine.com\/en\/produit\/peru-pure-nacional-maranon-70\/#primaryimage","url":"https:\/\/palettedebine.com\/wp-content\/uploads\/2020\/11\/perou-70-1.jpg","contentUrl":"https:\/\/palettedebine.com\/wp-content\/uploads\/2020\/11\/perou-70-1.jpg","width":820,"height":1066,"caption":"Chocolat Palette de Bine, cacao P\u00e9rou Pure Nacional Mara\u00f1\u00f3n 70%"},{"@type":"BreadcrumbList","@id":"https:\/\/palettedebine.com\/en\/produit\/peru-pure-nacional-maranon-70\/#breadcrumb","itemListElement":[{"@type":"ListItem","position":1,"name":"Accueil","item":"https:\/\/palettedebine.com\/en\/"},{"@type":"ListItem","position":2,"name":"Shop","item":"https:\/\/palettedebine.com\/en\/shop\/"},{"@type":"ListItem","position":3,"name":"Peru Pure Nacional Mara\u00f1\u00f3n 70%"}]},{"@type":"WebSite","@id":"https:\/\/palettedebine.com\/#website","url":"https:\/\/palettedebine.com\/","name":"Palette de bine","description":"Chocolat bean to bar d&#039;exception","potentialAction":[{"@type":"SearchAction","target":{"@type":"EntryPoint","urlTemplate":"https:\/\/palettedebine.com\/?s={search_term_string}"},"query-input":{"@type":"PropertyValueSpecification","valueRequired":true,"valueName":"search_term_string"}}],"inLanguage":"en-US"}]}},"_links":{"self":[{"href":"https:\/\/palettedebine.com\/en\/wp-json\/wp\/v2\/product\/477","targetHints":{"allow":["GET"]}}],"collection":[{"href":"https:\/\/palettedebine.com\/en\/wp-json\/wp\/v2\/product"}],"about":[{"href":"https:\/\/palettedebine.com\/en\/wp-json\/wp\/v2\/types\/product"}],"wp:featuredmedia":[{"embeddable":true,"href":"https:\/\/palettedebine.com\/en\/wp-json\/wp\/v2\/media\/8925"}],"wp:attachment":[{"href":"https:\/\/palettedebine.com\/en\/wp-json\/wp\/v2\/media?parent=477"}],"wp:term":[{"taxonomy":"product_brand","embeddable":true,"href":"https:\/\/palettedebine.com\/en\/wp-json\/wp\/v2\/product_brand?post=477"},{"taxonomy":"product_cat","embeddable":true,"href":"https:\/\/palettedebine.com\/en\/wp-json\/wp\/v2\/product_cat?post=477"},{"taxonomy":"product_tag","embeddable":true,"href":"https:\/\/palettedebine.com\/en\/wp-json\/wp\/v2\/product_tag?post=477"}],"curies":[{"name":"wp","href":"https:\/\/api.w.org\/{rel}","templated":true}]}}